{"id":603,"date":"2020-01-15T09:43:46","date_gmt":"2020-01-15T09:43:46","guid":{"rendered":"https:\/\/paulanovais.com\/homepage\/"},"modified":"2024-11-04T17:31:37","modified_gmt":"2024-11-04T17:31:37","slug":"homepage","status":"publish","type":"page","link":"https:\/\/paulanovais.com\/en\/","title":{"rendered":"Homepage"},"content":{"rendered":"<p>[vc_row height_ratio=&#8221;100&#8243; padding_top_multiplier=&#8221;custom&#8221; padding_bottom_multiplier=&#8221;&#8221; rc_bg_type=&#8221;hosted_video&#8221; rc_bg_video_device=&#8221;yes&#8221; tablet_height_ratio=&#8221;100&#8243; tablet_sm_height_ratio=&#8221;100&#8243; mobile_height_ratio=&#8221;100&#8243; rc_bg_video_mp4=&#8221;https:\/\/paulanovais.com\/wp-content\/uploads\/2022\/03\/Paula-Novais-Arquitetos.mp4&#8243; el_class=&#8221;videoheaderhome&#8221;][vc_column vertical_content_position=&#8221;bottom&#8221; full_height=&#8221;yes&#8221; text_align=&#8221;center&#8221; css=&#8221;.vc_custom_1645617392598{margin-top: -62px !important;}&#8221;]<div class=\"eut-element eut-image eut-align-center eut-light-gallery\" style=\"margin-bottom: 100px;\"><div class=\"eut-image-wrapper eut-popup-item\" style=\"max-width:150px;\"><div class=\"eut-media eut-paraller-wrapper\">\t<a class=\"eut-item-url eut-video-popup\" href=\"https:\/\/vimeo.com\/691820878\/95649eba89\"><div class=\"eut-video-icon eut-bg-white eut-large\"><svg width=\"12px\" height=\"18px\" viewBox=\"0 0 12 18\"><g stroke=\"none\" stroke-width=\"1\" fill=\"none\" fill-rule=\"evenodd\"><g fill=\"#000000\"><path d=\"M10.9715108,7.0754156 C12.3431347,8.1381711 12.3425247,9.86171086 10.9715108,10.9239937 L2.48354473,17.5006018 C1.11192085,18.5633573 0,17.8747584 0,15.9584704 L0,2.04093894 C0,0.126487777 1.11253086,-0.563475326 2.48354473,0.498807534 L10.9715108,7.0754156 Z\"><\/path><\/g><\/g><\/svg><\/div>\t<\/a><div class=\"eut-thumbnail-wrapper\"  style=\"max-width: 150px;\"><div class=\"eut-thumbnail\"  style=\"padding-top: 100%;\"><img loading=\"lazy\" decoding=\"async\" width=\"150\" height=\"150\" src=\"https:\/\/paulanovais.com\/wp-content\/uploads\/2022\/02\/Transparente-150x150.png\" class=\"attachment-thumbnail size-thumbnail\" alt=\"\" data-eutf-filter=\"yes\" srcset=\"https:\/\/paulanovais.com\/wp-content\/uploads\/2022\/02\/Transparente-150x150.png 150w, https:\/\/paulanovais.com\/wp-content\/uploads\/2022\/02\/Transparente-300x300.png 300w, https:\/\/paulanovais.com\/wp-content\/uploads\/2022\/02\/Transparente-768x768.png 768w, https:\/\/paulanovais.com\/wp-content\/uploads\/2022\/02\/Transparente-560x560.png 560w, https:\/\/paulanovais.com\/wp-content\/uploads\/2022\/02\/Transparente-900x900.png 900w, https:\/\/paulanovais.com\/wp-content\/uploads\/2022\/02\/Transparente.png 1000w\" sizes=\"(max-width: 150px) 100vw, 150px\" \/><\/div><\/div><\/div>  <\/div><\/div>[\/vc_column][\/vc_row][vc_row section_type=&#8221;container-width&#8221; padding_top_multiplier=&#8221;&#8221; padding_bottom_multiplier=&#8221;&#8221; disable_element=&#8221;yes&#8221; columns_gap=&#8221;none&#8221;][vc_column rc_bg_type=&#8221;color&#8221; rc_bg_color=&#8221;#9e9e9e&#8221;]<div class=\"eut-element eut-video\" style=\"\"><iframe loading=\"lazy\" title=\"Paula Novais\" width=\"1080\" height=\"608\" src=\"https:\/\/www.youtube.com\/embed\/ENusdbTHcPA?autoplay=1\" frameborder=\"0\" allow=\"accelerometer; autoplay; clipboard-write; encrypted-media; gyroscope; picture-in-picture\" allowfullscreen><\/iframe><\/div>[\/vc_column][\/vc_row][vc_row padding_top_multiplier=&#8221;&#8221; padding_bottom_multiplier=&#8221;&#8221; columns_gap=&#8221;none&#8221;][vc_column column_custom_position=&#8221;yes&#8221; position_left=&#8221;minus-2x&#8221;]<div class=\"eut-element eut-image eut-align-left\" style=\"\"><div class=\"eut-image-wrapper eut-popup-item\" style=\"max-width:39px;\"><div class=\"eut-thumbnail-wrapper\"  style=\"max-width: 39px;\"><div class=\"eut-thumbnail\"  style=\"padding-top: 207.692%;\"><img loading=\"lazy\" decoding=\"async\" width=\"39\" height=\"81\" src=\"https:\/\/paulanovais.com\/wp-content\/uploads\/2020\/01\/ruler-left.svg\" class=\"attachment-full size-full\" alt=\"\" data-eutf-filter=\"yes\" \/><\/div><\/div>  <\/div><\/div>[\/vc_column][\/vc_row][vc_row padding_top_multiplier=&#8221;&#8221; padding_bottom_multiplier=&#8221;&#8221; equal_column_height=&#8221;equal&#8221;][vc_column width=&#8221;1\/3&#8243; vertical_content_position=&#8221;middle&#8221; css=&#8221;.vc_custom_1579082655087{padding-right: 40px !important;}&#8221;][\/vc_column][vc_column width=&#8221;2\/3&#8243;][\/vc_column][\/vc_row][vc_row padding_top_multiplier=&#8221;custom&#8221; columns_gap=&#8221;none&#8221; padding_top=&#8221;20px&#8221;][vc_column]<div class=\"eut-element eut-image eut-align-center\" style=\"\"><div class=\"eut-image-wrapper eut-popup-item\" style=\"max-width:1169px;\"><div class=\"eut-thumbnail-wrapper\"  style=\"max-width: 1169px;\"><div class=\"eut-thumbnail\"  style=\"padding-top: 3.678%;\"><img loading=\"lazy\" decoding=\"async\" width=\"1169\" height=\"43\" src=\"https:\/\/paulanovais.com\/wp-content\/uploads\/2020\/01\/ruler-homepage.svg\" class=\"attachment-full size-full\" alt=\"\" data-eutf-filter=\"yes\" \/><\/div><\/div>  <\/div><\/div>[\/vc_column][\/vc_row][vc_row padding_bottom_multiplier=&#8221;&#8221; disable_element=&#8221;yes&#8221; equal_column_height=&#8221;equal&#8221;][vc_column width=&#8221;1\/2&#8243; vertical_content_position=&#8221;bottom&#8221; rc_heading_color=&#8221;light&#8221; rc_link_color=&#8221;light&#8221; rc_link_hover_color=&#8221;light&#8221; rc_bg_type=&#8221;image&#8221; rc_bg_image=&#8221;41&#8243; rc_bg_color=&#8221;#0e1c1b&#8221; css=&#8221;.vc_custom_1579707908631{padding-top: 96px !important;padding-right: 48px !important;padding-bottom: 48px !important;padding-left: 48px !important;}&#8221; rc_font_color=&#8221;#ffffff&#8221;][vc_custom_heading text=&#8221;ARCHITECTURE&#8221; font_container=&#8221;tag:h3|text_align:center&#8221; use_theme_fonts=&#8221;yes&#8221;][vc_column_text]<\/p>\n<p style=\"text-align: center;\">Architectural projects that adapt to your needs: help in structuring concepts and ideas, detailing and execution, making the schematized into reality.<\/p>\n<p>[\/vc_column_text]<div class=\"eut-empty-space\" style=\"height: 288px;\"><\/div><div class=\"eut-element eut-align-center\"><a href=\"\/arquitetura\/\" title=\"Arquitetura\" class=\"eut-btn eut-btn-medium eut-square eut-bg-primary-1 eut-bg-hover-black\"><span>BROWSE PROJECTS<\/span><\/a><\/div>[\/vc_column][vc_column width=&#8221;1\/2&#8243; rc_heading_color=&#8221;light&#8221; rc_link_color=&#8221;light&#8221; rc_link_hover_color=&#8221;light&#8221; rc_bg_type=&#8221;image&#8221; rc_bg_image=&#8221;47&#8243; rc_bg_color=&#8221;#0e1c1b&#8221; css=&#8221;.vc_custom_1579171380581{padding-top: 96px !important;padding-right: 48px !important;padding-bottom: 48px !important;padding-left: 48px !important;}&#8221; rc_font_color=&#8221;#ffffff&#8221;][vc_custom_heading text=&#8221;INTERIOR DESIGN&#8221; font_container=&#8221;tag:h3|text_align:center&#8221; use_theme_fonts=&#8221;yes&#8221;][vc_column_text]<\/p>\n<p style=\"text-align: center;\">Interior Design has the power to complete the architectural project itself, filling the space it created. We will work with you to create environments, images and convey emotions.<\/p>\n<p>[\/vc_column_text]<div class=\"eut-empty-space\" style=\"height: 288px;\"><\/div><div class=\"eut-element eut-align-center\"><a href=\"\/design-de-interiores\/\" title=\"Design de Interiores\" class=\"eut-btn eut-btn-medium eut-square eut-bg-primary-1 eut-bg-hover-black\"><span>BROWSE PROJECTS<\/span><\/a><\/div>[\/vc_column][\/vc_row][vc_row padding_top_multiplier=&#8221;&#8221; padding_bottom_multiplier=&#8221;&#8221; disable_element=&#8221;yes&#8221; columns_gap=&#8221;none&#8221;][vc_column width=&#8221;1\/3&#8243; css=&#8221;.vc_custom_1579703359250{padding-top: 0px !important;padding-right: 0px !important;padding-bottom: 0px !important;padding-left: 0px !important;}&#8221;][\/vc_column][vc_column width=&#8221;1\/3&#8243;][vc_row_inner padding_top_multiplier=&#8221;&#8221; padding_bottom_multiplier=&#8221;&#8221; tablet_sm_visibility=&#8221;hide&#8221; mobile_visibility=&#8221;hide&#8221;][vc_column_inner]<div class=\"eut-empty-space\" style=\"height: 10px;\"><\/div><div class=\"eut-element eut-image eut-align-center\" style=\"\"><div class=\"eut-image-wrapper eut-popup-item\" style=\"max-width:32px;\"><div class=\"eut-thumbnail-wrapper\"  style=\"max-width: 32px;\"><div class=\"eut-thumbnail\"  style=\"padding-top: 50%;\"><img loading=\"lazy\" decoding=\"async\" width=\"32\" height=\"16\" src=\"https:\/\/paulanovais.com\/wp-content\/uploads\/2020\/01\/ruler-middle.svg\" class=\"attachment-full size-full\" alt=\"\" data-eutf-filter=\"yes\" \/><\/div><\/div>  <\/div><\/div>[\/vc_column_inner][\/vc_row_inner][\/vc_column][vc_column width=&#8221;1\/3&#8243; column_custom_position=&#8221;yes&#8221; position_right=&#8221;minus-2x&#8221;]<div class=\"eut-element eut-image eut-align-right\" style=\"\"><div class=\"eut-image-wrapper eut-popup-item\" style=\"max-width:39px;\"><div class=\"eut-thumbnail-wrapper\"  style=\"max-width: 39px;\"><div class=\"eut-thumbnail\"  style=\"padding-top: 207.692%;\"><img loading=\"lazy\" decoding=\"async\" width=\"39\" height=\"81\" src=\"https:\/\/paulanovais.com\/wp-content\/uploads\/2020\/01\/ruler-right.svg\" class=\"attachment-full size-full\" alt=\"favicon_svg\" data-eutf-filter=\"yes\" \/><\/div><\/div>  <\/div><\/div>[\/vc_column][\/vc_row][vc_row padding_top_multiplier=&#8221;&#8221; padding_bottom_multiplier=&#8221;&#8221; section_id=&#8221;contactos&#8221;][vc_column]<div class=\"eut-map-wrapper\">  <div class=\"eut-element eut-map\" data-lat=\"41.443572\" data-lng=\"-8.299861\" data-zoom=\"14\" data-disable-style=\"no\" style=\"height: 468px;\"><\/div>  <div style=\"display:none\" class=\"eut-map-point\" data-point-marker=\"\/\/paulanovais.com\/wp-content\/themes\/crocal\/images\/markers\/transparent.png\" data-point-lat=\"41.443572\" data-point-lng=\"-8.299861\" data-point-title=\"\" data-point-type=\"pulse-dot\" data-point-marker-width=\"\" data-point-marker-height=\"\" data-point-bg-color=\"primary-1\"><\/div><\/div>[\/vc_column][\/vc_row][vc_row padding_top_multiplier=&#8221;&#8221; padding_bottom_multiplier=&#8221;&#8221; columns_gap=&#8221;none&#8221;][vc_column column_custom_position=&#8221;yes&#8221; position_left=&#8221;minus-2x&#8221;]<div class=\"eut-element eut-image eut-align-left\" style=\"\"><div class=\"eut-image-wrapper eut-popup-item\" style=\"max-width:39px;\"><div class=\"eut-thumbnail-wrapper\"  style=\"max-width: 39px;\"><div class=\"eut-thumbnail\"  style=\"padding-top: 207.692%;\"><img loading=\"lazy\" decoding=\"async\" width=\"39\" height=\"81\" src=\"https:\/\/paulanovais.com\/wp-content\/uploads\/2020\/01\/ruler-left.svg\" class=\"attachment-full size-full\" alt=\"\" data-eutf-filter=\"yes\" \/><\/div><\/div>  <\/div><\/div>[\/vc_column][\/vc_row][vc_row padding_top_multiplier=&#8221;&#8221;][vc_column][vc_custom_heading text=&#8221;Contacts&#8221; font_container=&#8221;tag:h2|text_align:center&#8221; use_theme_fonts=&#8221;yes&#8221;]<div class=\"eut-empty-space eut-height-1x\" style=\"\"><\/div>[\/vc_column][\/vc_row][vc_row padding_top_multiplier=&#8221;&#8221; padding_bottom_multiplier=&#8221;&#8221; columns_gap=&#8221;none&#8221;][vc_column width=&#8221;1\/12&#8243;][\/vc_column][vc_column width=&#8221;10\/12&#8243;]<div class=\"eut-element eut-image eut-align-center\" style=\"\"><div class=\"eut-image-wrapper eut-popup-item\" style=\"max-width:970px;\"><div class=\"eut-thumbnail-wrapper\"  style=\"max-width: 970px;\"><div class=\"eut-thumbnail\"  style=\"padding-top: 4.33%;\"><img loading=\"lazy\" decoding=\"async\" width=\"970\" height=\"42\" src=\"https:\/\/paulanovais.com\/wp-content\/uploads\/2020\/01\/Ruler-contacts.svg\" class=\"attachment-full size-full\" alt=\"\" data-eutf-filter=\"yes\" \/><\/div><\/div>  <\/div><\/div>[\/vc_column][vc_column width=&#8221;1\/12&#8243;][\/vc_column][\/vc_row][vc_row section_id=&#8221;contact-section&#8221; scroll_section_title=&#8221;Contact&#8221;][vc_column width=&#8221;1\/12&#8243;][\/vc_column][vc_column width=&#8221;5\/12&#8243;][vc_row_inner][vc_column_inner width=&#8221;1\/3&#8243; tablet_sm_width=&#8221;1&#8243;][vc_column_text]<strong>SHOWROOM<\/strong>[\/vc_column_text][\/vc_column_inner][vc_column_inner width=&#8221;2\/3&#8243; tablet_sm_width=&#8221;1&#8243;][vc_column_text]Pra\u00e7a Her\u00f3is da Funda\u00e7\u00e3o, 372<br \/>\n4810 &#8211; 242 Guimar\u00e3es, Portugal<br \/>\n(+351) 253 467 662[\/vc_column_text][vc_column_text css=&#8221;.vc_custom_1683203652258{padding-top: 24px !important;}&#8221;]<\/p>\n<p>Mon. &#8211; Fri.: 10h &#8211; 13h | 14.30h &#8211; 19h<br \/>\nSat.: 10h &#8211; 13h | in the afternoon only by appointment<br \/>\nSun.: Closed[\/vc_column_text][\/vc_column_inner][\/vc_row_inner][\/vc_column][vc_column width=&#8221;5\/12&#8243; rc_bg_type=&#8221;color&#8221; css=&#8221;.vc_custom_1579180495736{padding-top: 32px !important;padding-right: 32px !important;padding-bottom: 32px !important;padding-left: 32px !important;}&#8221; rc_bg_color=&#8221;#ededed&#8221;]<div class=\"eut-element eut-contact-form eut-contact-form-69fc80b8b7e22 eut-form-btn-outline eut-form-btn-square eut-form-btn-bg-primary-1 eut-form-btn-bg-hover-black eut-form-btn-medium\">\n<div class=\"wpcf7 no-js\" id=\"wpcf7-f619-o1\" lang=\"en-US\" dir=\"ltr\" data-wpcf7-id=\"619\">\n<div class=\"screen-reader-response\"><p role=\"status\" aria-live=\"polite\" aria-atomic=\"true\"><\/p> <ul><\/ul><\/div>\n<form action=\"\/en\/wp-json\/wp\/v2\/pages\/603#wpcf7-f619-o1\" method=\"post\" class=\"wpcf7-form init\" aria-label=\"Contact form\" novalidate=\"novalidate\" data-status=\"init\">\n<div style=\"display: none;\">\n<input type=\"hidden\" name=\"_wpcf7\" value=\"619\" \/>\n<input type=\"hidden\" name=\"_wpcf7_version\" value=\"6.0\" \/>\n<input type=\"hidden\" name=\"_wpcf7_locale\" value=\"en_US\" \/>\n<input type=\"hidden\" name=\"_wpcf7_unit_tag\" value=\"wpcf7-f619-o1\" \/>\n<input type=\"hidden\" name=\"_wpcf7_container_post\" value=\"0\" \/>\n<input type=\"hidden\" name=\"_wpcf7_posted_data_hash\" value=\"\" \/>\n<\/div>\n<p><span class=\"wpcf7-form-control-wrap\" data-name=\"your-name\"><input size=\"40\" maxlength=\"400\" class=\"wpcf7-form-control wpcf7-text wpcf7-validates-as-required\" aria-required=\"true\" aria-invalid=\"false\" placeholder=\"NAME\" value=\"\" type=\"text\" name=\"your-name\" \/><\/span>\n<\/p>\n<p><span class=\"wpcf7-form-control-wrap\" data-name=\"your-email\"><input size=\"40\" maxlength=\"400\" class=\"wpcf7-form-control wpcf7-email wpcf7-validates-as-required wpcf7-text wpcf7-validates-as-email\" aria-required=\"true\" aria-invalid=\"false\" placeholder=\"EMAIL\" value=\"\" type=\"email\" name=\"your-email\" \/><\/span>\n<\/p>\n<p><span class=\"wpcf7-form-control-wrap\" data-name=\"your-subject\"><input size=\"40\" maxlength=\"400\" class=\"wpcf7-form-control wpcf7-text\" aria-invalid=\"false\" placeholder=\"SUBJECT\" value=\"\" type=\"text\" name=\"your-subject\" \/><\/span>\n<\/p>\n<p><span class=\"wpcf7-form-control-wrap\" data-name=\"your-message\"><textarea cols=\"40\" rows=\"5\" maxlength=\"2000\" class=\"wpcf7-form-control wpcf7-textarea\" aria-invalid=\"false\" placeholder=\"MESSAGE\" name=\"your-message\"><\/textarea><\/span>\n<\/p>\n<p><input class=\"wpcf7-form-control wpcf7-submit has-spinner\" type=\"submit\" value=\"SEND\" \/>\n<\/p><div class=\"wpcf7-response-output\" aria-hidden=\"true\"><\/div>\n<\/form>\n<\/div>\n<\/div><style type=\"text\/css\">.eut-contact-form.eut-contact-form-69fc80b8b7e22 input,.eut-contact-form.eut-contact-form-69fc80b8b7e22 textarea,.eut-contact-form.eut-contact-form-69fc80b8b7e22 select,.eut-contact-form.eut-contact-form-69fc80b8b7e22 .wpcf7-list-item-label:before {border-color: transparent;border-bottom-width: 1px;border-bottom-style: solid;border-bottom-color: #0a0a0a;;background-color: transparent;;color: #000000;;font-size: 12px;;}.wpcf7-form .wpcf7-list-item-label:before {border-color: #0a0a0a !important;}.eut-contact-form.eut-contact-form-69fc80b8b7e22 input:focus,.eut-contact-form.eut-contact-form-69fc80b8b7e22 textarea:focus,.eut-contact-form.eut-contact-form-69fc80b8b7e22 select:focus {border-bottom-color: #0a0a0a;;background-color: transparent;;color: #000000;;}.eut-contact-form.eut-contact-form-69fc80b8b7e22 ::-webkit-input-placeholder {color: #000000;}.eut-contact-form.eut-contact-form-69fc80b8b7e22 :-moz-placeholder {color: #000000;}.eut-contact-form.eut-contact-form-69fc80b8b7e22 ::-moz-placeholder {color: #000000;}.eut-contact-form.eut-contact-form-69fc80b8b7e22 :-ms-input-placeholder {color: #000000;}.eut-contact-form.eut-contact-form-69fc80b8b7e22 :focus::-webkit-input-placeholder {color: #000000;}.eut-contact-form.eut-contact-form-69fc80b8b7e22 :focus:-moz-placeholder {color: #000000;}.eut-contact-form.eut-contact-form-69fc80b8b7e22 :focus::-moz-placeholder {color: #000000;}.eut-contact-form.eut-contact-form-69fc80b8b7e22 :focus:-ms-input-placeholder {color: #000000;}<\/style>[\/vc_column][vc_column width=&#8221;1\/12&#8243;][\/vc_column][\/vc_row][vc_row padding_bottom_multiplier=&#8221;2x&#8221;][vc_column][vc_column_text]<\/p>\n<p style=\"text-align: center;\">mail@paulanovais.com<\/p>\n<p>[\/vc_column_text]<div class=\"eut-empty-space eut-height-1x\" style=\"\"><\/div>\t\t\t<div class=\"eut-element eut-social eut-align-center eut-icon-type\" style=\"\">\r\n\t\t\t\t<ul>\r\n\t\t\t\t\t\t\t\t\t\t\t\t<li>\r\n\t\t\t\t\t\t\t\t\t<a href=\"https:\/\/www.facebook.com\/paulanovais.arquitecta\/\" class=\"eut-small eut-no-shape\" target=\"_blank\">\r\n\t\t\t\t\t\t\t\t\t\t<i class=\"eut-text-primary-1 fab fa-facebook-f\"><\/i>\r\n\t\t\t\t\t\t\t\t\t<\/a>\r\n\t\t\t\t\t\t\t\t<\/li>\r\n\t\t\t\t\t\t\t\t\t\t\t\t<li>\r\n\t\t\t\t\t\t\t\t\t<a href=\"http:\/\/instagram.com\/paulanovais_atelier\" class=\"eut-small eut-no-shape\" target=\"_blank\">\r\n\t\t\t\t\t\t\t\t\t\t<i class=\"eut-text-primary-1 fab fa-instagram\"><\/i>\r\n\t\t\t\t\t\t\t\t\t<\/a>\r\n\t\t\t\t\t\t\t\t<\/li>\r\n\t\t\t\t\t\t\t\t<\/ul>\r\n\t\t\t<\/div>\r\n\t\t<div class=\"eut-empty-space eut-height-2x\" style=\"\"><\/div>[vc_row_inner padding_bottom_multiplier=&#8221;&#8221; disable_element=&#8221;yes&#8221;][vc_column_inner width=&#8221;1\/3&#8243;][\/vc_column_inner][vc_column_inner width=&#8221;1\/3&#8243;]<div class=\"eut-element eut-image eut-align-center\" style=\"\"><div class=\"eut-image-wrapper eut-popup-item\" style=\"max-width:1297px;\"><a href=\"http:\/\/pn.lemons.pt\/wp-content\/uploads\/2020\/01\/2020.pdf\" target=\"_blank\"><div class=\"eut-thumbnail-wrapper\"  style=\"max-width: 1297px;\"><div class=\"eut-thumbnail\"  style=\"padding-top: 13.57%;\"><img loading=\"lazy\" decoding=\"async\" width=\"1297\" height=\"176\" src=\"https:\/\/paulanovais.com\/wp-content\/uploads\/2020\/01\/barra_assinaturas-e1579779278770.jpg\" class=\"attachment-full size-full\" alt=\"favicon_svg\" data-eutf-filter=\"yes\" srcset=\"https:\/\/paulanovais.com\/wp-content\/uploads\/2020\/01\/barra_assinaturas-e1579779278770.jpg 1297w, https:\/\/paulanovais.com\/wp-content\/uploads\/2020\/01\/barra_assinaturas-e1579779278770-300x41.jpg 300w, https:\/\/paulanovais.com\/wp-content\/uploads\/2020\/01\/barra_assinaturas-e1579779278770-1024x139.jpg 1024w, https:\/\/paulanovais.com\/wp-content\/uploads\/2020\/01\/barra_assinaturas-e1579779278770-768x104.jpg 768w\" sizes=\"(max-width: 1297px) 100vw, 1297px\" \/><\/div><\/div><\/a>  <\/div><\/div>[\/vc_column_inner][vc_column_inner width=&#8221;1\/3&#8243;][\/vc_column_inner][\/vc_row_inner][\/vc_column][\/vc_row]<\/p>\n","protected":false},"excerpt":{"rendered":"<p>[vc_row height_ratio=&#8221;100&#8243; padding_top_multiplier=&#8221;custom&#8221; padding_bottom_multiplier=&#8221;&#8221; rc_bg_type=&#8221;hosted_video&#8221; rc_bg_video_device=&#8221;yes&#8221; tablet_height_ratio=&#8221;100&#8243; tablet_sm_height_ratio=&#8221;100&#8243; mobile_height_ratio=&#8221;100&#8243; rc_bg_video_mp4=&#8221;https:\/\/paulanovais.com\/wp-content\/uploads\/2022\/03\/Paula-Novais-Arquitetos.mp4&#8243; el_class=&#8221;videoheaderhome&#8221;][vc_column vertical_content_position=&#8221;bottom&#8221; full_height=&#8221;yes&#8221; text_align=&#8221;center&#8221; css=&#8221;.vc_custom_1645617392598{margin-top: -62px !important;}&#8221;][\/vc_column][\/vc_row][vc_row section_type=&#8221;container-width&#8221; padding_top_multiplier=&#8221;&#8221; padding_bottom_multiplier=&#8221;&#8221; disable_element=&#8221;yes&#8221; columns_gap=&#8221;none&#8221;][vc_column rc_bg_type=&#8221;color&#8221; rc_bg_color=&#8221;#9e9e9e&#8221;][\/vc_column][\/vc_row][vc_row padding_top_multiplier=&#8221;&#8221; padding_bottom_multiplier=&#8221;&#8221; columns_gap=&#8221;none&#8221;][vc_column column_custom_position=&#8221;yes&#8221; position_left=&#8221;minus-2x&#8221;][\/vc_column][\/vc_row][vc_row padding_top_multiplier=&#8221;&#8221; padding_bottom_multiplier=&#8221;&#8221; equal_column_height=&#8221;equal&#8221;][vc_column width=&#8221;1\/3&#8243; vertical_content_position=&#8221;middle&#8221; css=&#8221;.vc_custom_1579082655087{padding-right: 40px !important;}&#8221;][\/vc_column][vc_column width=&#8221;2\/3&#8243;][\/vc_column][\/vc_row][vc_row padding_top_multiplier=&#8221;custom&#8221; columns_gap=&#8221;none&#8221; padding_top=&#8221;20px&#8221;][vc_column][\/vc_column][\/vc_row][vc_row padding_bottom_multiplier=&#8221;&#8221; disable_element=&#8221;yes&#8221; equal_column_height=&#8221;equal&#8221;][vc_column width=&#8221;1\/2&#8243; vertical_content_position=&#8221;bottom&#8221; rc_heading_color=&#8221;light&#8221; rc_link_color=&#8221;light&#8221; rc_link_hover_color=&#8221;light&#8221; rc_bg_type=&#8221;image&#8221; rc_bg_image=&#8221;41&#8243; rc_bg_color=&#8221;#0e1c1b&#8221; css=&#8221;.vc_custom_1579707908631{padding-top: 96px !important;padding-right: [&hellip;]<\/p>\n","protected":false},"author":1,"featured_media":0,"parent":0,"menu_order":0,"comment_status":"closed","ping_status":"closed","template":"","meta":{"inline_featured_image":false,"footnotes":""},"class_list":["post-603","page","type-page","status-publish","hentry"],"_links":{"self":[{"href":"https:\/\/paulanovais.com\/en\/wp-json\/wp\/v2\/pages\/603"}],"collection":[{"href":"https:\/\/paulanovais.com\/en\/wp-json\/wp\/v2\/pages"}],"about":[{"href":"https:\/\/paulanovais.com\/en\/wp-json\/wp\/v2\/types\/page"}],"author":[{"embeddable":true,"href":"https:\/\/paulanovais.com\/en\/wp-json\/wp\/v2\/users\/1"}],"replies":[{"embeddable":true,"href":"https:\/\/paulanovais.com\/en\/wp-json\/wp\/v2\/comments?post=603"}],"version-history":[{"count":21,"href":"https:\/\/paulanovais.com\/en\/wp-json\/wp\/v2\/pages\/603\/revisions"}],"predecessor-version":[{"id":1230,"href":"https:\/\/paulanovais.com\/en\/wp-json\/wp\/v2\/pages\/603\/revisions\/1230"}],"wp:attachment":[{"href":"https:\/\/paulanovais.com\/en\/wp-json\/wp\/v2\/media?parent=603"}],"curies":[{"name":"wp","href":"https:\/\/api.w.org\/{rel}","templated":true}]}}